{"id":506,"date":"2025-05-25T17:08:45","date_gmt":"2025-05-25T17:08:45","guid":{"rendered":"https:\/\/verakovabara.rs\/services\/"},"modified":"2025-07-01T20:05:16","modified_gmt":"2025-07-01T20:05:16","slug":"o-projektu","status":"publish","type":"page","link":"https:\/\/verakovabara.rs\/en\/o-projektu\/","title":{"rendered":"About project"},"content":{"rendered":"<div data-elementor-type=\"wp-post\" data-elementor-id=\"506\" class=\"elementor elementor-506\">\n\t\t\t\t<div class=\"elementor-element elementor-element-627553f animated-slow e-flex e-con-boxed elementor-invisible e-con e-parent\" data-id=\"627553f\" data-element_type=\"container\" data-settings=\"{&quot;background_background&quot;:&quot;classic&quot;,&quot;animation&quot;:&quot;fadeInUp&quot;}\">\n\t\t\t\t\t<div class=\"e-con-inner\">\n\t\t<div class=\"elementor-element elementor-element-422be9b e-con-full e-flex e-con e-child\" data-id=\"422be9b\" data-element_type=\"container\">\n\t\t\t\t<div class=\"elementor-element elementor-element-e4b4478 elementor-widget elementor-widget-heading\" data-id=\"e4b4478\" data-element_type=\"widget\" data-widget_type=\"heading.default\">\n\t\t\t\t<div class=\"elementor-widget-container\">\n\t\t\t\t\t<h1 class=\"elementor-heading-title elementor-size-default\">Wind Power Plant Rakova bara<\/h1>\t\t\t\t<\/div>\n\t\t\t\t<\/div>\n\t\t\t\t<\/div>\n\t\t\t\t\t<\/div>\n\t\t\t\t<\/div>\n\t\t<div class=\"elementor-element elementor-element-577fc67 animated-slow e-flex e-con-boxed elementor-invisible e-con e-parent\" data-id=\"577fc67\" data-element_type=\"container\" data-settings=\"{&quot;animation&quot;:&quot;fadeInLeft&quot;}\">\n\t\t\t\t\t<div class=\"e-con-inner\">\n\t\t<div class=\"elementor-element elementor-element-5ef6334 e-con-full e-flex e-con e-child\" data-id=\"5ef6334\" data-element_type=\"container\">\n\t\t\t\t<div class=\"elementor-element elementor-element-44c0609 elementor-widget elementor-widget-heading\" data-id=\"44c0609\" data-element_type=\"widget\" data-widget_type=\"heading.default\">\n\t\t\t\t<div class=\"elementor-widget-container\">\n\t\t\t\t\t<h5 class=\"elementor-heading-title elementor-size-default\">WPP \u201eRakova bara\u201c<\/h5>\t\t\t\t<\/div>\n\t\t\t\t<\/div>\n\t\t\t\t<div class=\"elementor-element elementor-element-7edcecc elementor-widget elementor-widget-image-box\" data-id=\"7edcecc\" data-element_type=\"widget\" data-widget_type=\"image-box.default\">\n\t\t\t\t<div class=\"elementor-widget-container\">\n\t\t\t\t\t<div class=\"elementor-image-box-wrapper\"><div class=\"elementor-image-box-content\"><h2 class=\"elementor-image-box-title\">About project<\/h2><p class=\"elementor-image-box-description\">WPP \u201eRakova bara\u201c is designed to comprise out of 19 wind turbine generators, with a\ntotal installed capacity at the point of common coupling of 140MW, which will allow for a total\nannual power generation of 400GWh \u2013 which is sufficient to power up 45,000 households. This\nrepresents around 1.1% of the total electric energy consumption in Serbia, with zero emissions.<\/p><\/div><\/div>\t\t\t\t<\/div>\n\t\t\t\t<\/div>\n\t\t\t\t<\/div>\n\t\t<div class=\"elementor-element elementor-element-5aa1dd2 e-con-full e-flex e-con e-child\" data-id=\"5aa1dd2\" data-element_type=\"container\" data-settings=\"{&quot;background_background&quot;:&quot;classic&quot;}\">\n\t\t\t\t<div class=\"elementor-element elementor-element-c981b04 elementor-widget elementor-widget-spacer\" data-id=\"c981b04\" data-element_type=\"widget\" data-widget_type=\"spacer.default\">\n\t\t\t\t<div class=\"elementor-widget-container\">\n\t\t\t\t\t\t\t<div class=\"elementor-spacer\">\n\t\t\t<div class=\"elementor-spacer-inner\"><\/div>\n\t\t<\/div>\n\t\t\t\t\t\t<\/div>\n\t\t\t\t<\/div>\n\t\t\t\t<\/div>\n\t\t<div class=\"elementor-element elementor-element-2fca6f7 e-con-full e-flex e-con e-child\" data-id=\"2fca6f7\" data-element_type=\"container\" data-settings=\"{&quot;background_background&quot;:&quot;classic&quot;}\">\n\t\t\t\t<div class=\"elementor-element elementor-element-6bf9c91 elementor-widget elementor-widget-spacer\" data-id=\"6bf9c91\" data-element_type=\"widget\" data-widget_type=\"spacer.default\">\n\t\t\t\t<div class=\"elementor-widget-container\">\n\t\t\t\t\t\t\t<div class=\"elementor-spacer\">\n\t\t\t<div class=\"elementor-spacer-inner\"><\/div>\n\t\t<\/div>\n\t\t\t\t\t\t<\/div>\n\t\t\t\t<\/div>\n\t\t\t\t<\/div>\n\t\t\t\t\t<\/div>\n\t\t\t\t<\/div>\n\t\t<div class=\"elementor-element elementor-element-ad9132b animated-slow e-flex e-con-boxed elementor-invisible e-con e-parent\" data-id=\"ad9132b\" data-element_type=\"container\" data-settings=\"{&quot;background_background&quot;:&quot;classic&quot;,&quot;animation&quot;:&quot;fadeInRight&quot;}\">\n\t\t\t\t\t<div class=\"e-con-inner\">\n\t\t<div class=\"elementor-element elementor-element-b8387a7 e-con-full e-flex e-con e-child\" data-id=\"b8387a7\" data-element_type=\"container\">\n\t\t\t\t<div class=\"elementor-element elementor-element-4569e92 elementor-widget elementor-widget-heading\" data-id=\"4569e92\" data-element_type=\"widget\" data-widget_type=\"heading.default\">\n\t\t\t\t<div class=\"elementor-widget-container\">\n\t\t\t\t\t<h2 class=\"elementor-heading-title elementor-size-default\">Connection to the transmission grid<\/h2>\t\t\t\t<\/div>\n\t\t\t\t<\/div>\n\t\t\t\t<div class=\"elementor-element elementor-element-52ccd0f elementor-widget elementor-widget-text-editor\" data-id=\"52ccd0f\" data-element_type=\"widget\" data-widget_type=\"text-editor.default\">\n\t\t\t\t<div class=\"elementor-widget-container\">\n\t\t\t\t\t\t\t\t\t<p>In line with the Grid Connection Study, which was prepared by Serbian transmission\nsystem operator Elektromre\u017ea Srbije, connection of WPP Rakova bara to the transmission grid\nin Serbia shall be established through the following facilities:<\/p>\t\t\t\t\t\t\t\t<\/div>\n\t\t\t\t<\/div>\n\t\t<div class=\"elementor-element elementor-element-df3dbbe e-con-full e-flex e-con e-child\" data-id=\"df3dbbe\" data-element_type=\"container\">\n\t\t<div class=\"elementor-element elementor-element-2c74636 e-con-full e-flex e-con e-child\" data-id=\"2c74636\" data-element_type=\"container\">\n\t\t\t\t<div class=\"elementor-element elementor-element-a51b40a elementor-widget elementor-widget-image-box\" data-id=\"a51b40a\" data-element_type=\"widget\" data-widget_type=\"image-box.default\">\n\t\t\t\t<div class=\"elementor-widget-container\">\n\t\t\t\t\t<div class=\"elementor-image-box-wrapper\"><div class=\"elementor-image-box-content\"><h4 class=\"elementor-image-box-title\">1<\/h4><p class=\"elementor-image-box-description\">medium voltage (35kV) and fiber optic underground cable grid, which wll connect all\nthe wind turbine generators, investor of which will be VE Rakova bara;<\/p><\/div><\/div>\t\t\t\t<\/div>\n\t\t\t\t<\/div>\n\t\t\t\t<div class=\"elementor-element elementor-element-a3822c3 elementor-widget-divider--view-line elementor-widget elementor-widget-divider\" data-id=\"a3822c3\" data-element_type=\"widget\" data-widget_type=\"divider.default\">\n\t\t\t\t<div class=\"elementor-widget-container\">\n\t\t\t\t\t\t\t<div class=\"elementor-divider\">\n\t\t\t<span class=\"elementor-divider-separator\">\n\t\t\t\t\t\t<\/span>\n\t\t<\/div>\n\t\t\t\t\t\t<\/div>\n\t\t\t\t<\/div>\n\t\t\t\t<div class=\"elementor-element elementor-element-ad5b745 elementor-widget elementor-widget-image-box\" data-id=\"ad5b745\" data-element_type=\"widget\" data-widget_type=\"image-box.default\">\n\t\t\t\t<div class=\"elementor-widget-container\">\n\t\t\t\t\t<div class=\"elementor-image-box-wrapper\"><div class=\"elementor-image-box-content\"><h4 class=\"elementor-image-box-title\">2<\/h4><p class=\"elementor-image-box-description\">Transformation 35\/400kV VE Rakova bara, in which the generated power will be\ntransformed from medium to high (400kV) voltage. This facility shall encompass energy battery storage, which will ensure uninterrupted delivery of the electric energy\nin the periods with no wind. Investor will be VE Rakova bara;<\/p><\/div><\/div>\t\t\t\t<\/div>\n\t\t\t\t<\/div>\n\t\t\t\t<div class=\"elementor-element elementor-element-72ae45f elementor-hidden-desktop elementor-widget-divider--view-line elementor-widget elementor-widget-divider\" data-id=\"72ae45f\" data-element_type=\"widget\" data-widget_type=\"divider.default\">\n\t\t\t\t<div class=\"elementor-widget-container\">\n\t\t\t\t\t\t\t<div class=\"elementor-divider\">\n\t\t\t<span class=\"elementor-divider-separator\">\n\t\t\t\t\t\t<\/span>\n\t\t<\/div>\n\t\t\t\t\t\t<\/div>\n\t\t\t\t<\/div>\n\t\t\t\t<\/div>\n\t\t<div class=\"elementor-element elementor-element-70db6be e-con-full e-flex e-con e-child\" data-id=\"70db6be\" data-element_type=\"container\">\n\t\t\t\t<div class=\"elementor-element elementor-element-f63c824 elementor-widget elementor-widget-image-box\" data-id=\"f63c824\" data-element_type=\"widget\" data-widget_type=\"image-box.default\">\n\t\t\t\t<div class=\"elementor-widget-container\">\n\t\t\t\t\t<div class=\"elementor-image-box-wrapper\"><div class=\"elementor-image-box-content\"><h4 class=\"elementor-image-box-title\">3<\/h4><p class=\"elementor-image-box-description\">Switchyard 400kV \u201eKu\u010devo\u201c, of which investor will be Elektromre\u017ea Srbije, and investors will be VE Rakova bara and two companies, who develop their renewable energy projects in relative vicinity, will act as financiers;<\/p><\/div><\/div>\t\t\t\t<\/div>\n\t\t\t\t<\/div>\n\t\t\t\t<div class=\"elementor-element elementor-element-ffddfa4 elementor-widget-divider--view-line elementor-widget elementor-widget-divider\" data-id=\"ffddfa4\" data-element_type=\"widget\" data-widget_type=\"divider.default\">\n\t\t\t\t<div class=\"elementor-widget-container\">\n\t\t\t\t\t\t\t<div class=\"elementor-divider\">\n\t\t\t<span class=\"elementor-divider-separator\">\n\t\t\t\t\t\t<\/span>\n\t\t<\/div>\n\t\t\t\t\t\t<\/div>\n\t\t\t\t<\/div>\n\t\t\t\t<div class=\"elementor-element elementor-element-6c20d67 elementor-widget elementor-widget-image-box\" data-id=\"6c20d67\" data-element_type=\"widget\" data-widget_type=\"image-box.default\">\n\t\t\t\t<div class=\"elementor-widget-container\">\n\t\t\t\t\t<div class=\"elementor-image-box-wrapper\"><div class=\"elementor-image-box-content\"><h4 class=\"elementor-image-box-title\">4<\/h4><p class=\"elementor-image-box-description\">overhead lines 400kV, in principle \u201ein-out\u201c, which will connect the Switchyard with the\nenarby existing 400kV overhead line Drmno \u2013 Djerdap 1. Investor will be\nElektromre\u017ea Srbije, and VE Rakova bara, with two afore mentioned companies, will\nbe financiers.<\/p><\/div><\/div>\t\t\t\t<\/div>\n\t\t\t\t<\/div>\n\t\t\t\t<\/div>\n\t\t\t\t<\/div>\n\t\t\t\t<div class=\"elementor-element elementor-element-550b562 elementor-widget elementor-widget-text-editor\" data-id=\"550b562\" data-element_type=\"widget\" data-widget_type=\"text-editor.default\">\n\t\t\t\t<div class=\"elementor-widget-container\">\n\t\t\t\t\t\t\t\t\t<p>Wind farm will be interconnected by the mesh of internal unpaved roads, 20km of the\ntotal length, which will be connected with the public roads. These internal roads shall allow for\nthe communication of the ordinary vehicles, which will allow the residents and tourists to roam in\nthe area.<\/p>\t\t\t\t\t\t\t\t<\/div>\n\t\t\t\t<\/div>\n\t\t\t\t<\/div>\n\t\t\t\t\t<\/div>\n\t\t\t\t<\/div>\n\t\t<div class=\"elementor-element elementor-element-68cf37f animated-slow e-flex e-con-boxed elementor-invisible e-con e-parent\" data-id=\"68cf37f\" data-element_type=\"container\" data-settings=\"{&quot;background_background&quot;:&quot;classic&quot;,&quot;animation&quot;:&quot;fadeInLeft&quot;}\">\n\t\t\t\t\t<div class=\"e-con-inner\">\n\t\t<div class=\"elementor-element elementor-element-9353f7b e-con-full e-flex e-con e-child\" data-id=\"9353f7b\" data-element_type=\"container\">\n\t\t\t\t<div class=\"elementor-element elementor-element-73542d1 elementor-widget elementor-widget-heading\" data-id=\"73542d1\" data-element_type=\"widget\" data-widget_type=\"heading.default\">\n\t\t\t\t<div class=\"elementor-widget-container\">\n\t\t\t\t\t<h3 class=\"elementor-heading-title elementor-size-default\">Contact<\/h3>\t\t\t\t<\/div>\n\t\t\t\t<\/div>\n\t\t\t\t<\/div>\n\t\t\t\t\t<\/div>\n\t\t\t\t<\/div>\n\t\t<div class=\"elementor-element elementor-element-701e5d9 e-flex e-con-boxed e-con e-parent\" data-id=\"701e5d9\" data-element_type=\"container\">\n\t\t\t\t\t<div class=\"e-con-inner\">\n\t\t\t\t<div class=\"elementor-element elementor-element-09b0ff6 elementor-widget elementor-widget-wpforms\" data-id=\"09b0ff6\" data-element_type=\"widget\" data-widget_type=\"wpforms.default\">\n\t\t\t\t<div class=\"elementor-widget-container\">\n\t\t\t\t\t<div class=\"wpforms-container kontakt-forma\" id=\"wpforms-1000\"><form id=\"wpforms-form-1000\" class=\"wpforms-validate wpforms-form wpforms-ajax-form\" data-formid=\"1000\" method=\"post\" enctype=\"multipart\/form-data\" action=\"\/en\/wp-json\/wp\/v2\/pages\/506\" data-token=\"683689364b214af9038c3e796c4cc792\" data-token-time=\"1778517691\" data-trp-original-action=\"\/en\/wp-json\/wp\/v2\/pages\/506\"><noscript class=\"wpforms-error-noscript\">Please enable JavaScript in your browser to complete this form.<\/noscript><div class=\"wpforms-field-container\"><div id=\"wpforms-1000-field_1-container\" class=\"wpforms-field wpforms-field-name\" data-field-id=\"1\"><label class=\"wpforms-field-label\" for=\"wpforms-1000-field_1\">Full name <span class=\"wpforms-required-label\">*<\/span><\/label><div class=\"wpforms-field-row wpforms-field-large\"><div class=\"wpforms-field-row-block wpforms-first wpforms-one-half\"><input type=\"text\" id=\"wpforms-1000-field_1\" class=\"wpforms-field-name-first wpforms-field-required\" name=\"wpforms[fields][1][first]\" required><label for=\"wpforms-1000-field_1\" class=\"wpforms-field-sublabel after wpforms-sublabel-hide\">First<\/label><\/div><div class=\"wpforms-field-row-block wpforms-one-half\"><input type=\"text\" id=\"wpforms-1000-field_1-last\" class=\"wpforms-field-name-last wpforms-field-required\" name=\"wpforms[fields][1][last]\" required><label for=\"wpforms-1000-field_1-last\" class=\"wpforms-field-sublabel after wpforms-sublabel-hide\">Last<\/label><\/div><\/div><\/div><div id=\"wpforms-1000-field_2-container\" class=\"wpforms-field wpforms-field-email\" data-field-id=\"2\"><label class=\"wpforms-field-label\" for=\"wpforms-1000-field_2\">Email <span class=\"wpforms-required-label\">*<\/span><\/label><input type=\"email\" id=\"wpforms-1000-field_2\" class=\"wpforms-field-large wpforms-field-required\" name=\"wpforms[fields][2]\" spellcheck=\"false\" required><\/div><div id=\"wpforms-1000-field_3-container\" class=\"wpforms-field wpforms-field-textarea\" data-field-id=\"3\"><label class=\"wpforms-field-label\" for=\"wpforms-1000-field_3\">Comment or message<\/label><textarea id=\"wpforms-1000-field_3\" class=\"wpforms-field-medium\" name=\"wpforms[fields][3]\" ><\/textarea><\/div><\/div><!-- .wpforms-field-container --><div class=\"wpforms-submit-container\" ><input type=\"hidden\" name=\"wpforms[id]\" value=\"1000\"><input type=\"hidden\" name=\"page_title\" value=\"\"><input type=\"hidden\" name=\"page_url\" value=\"https:\/\/verakovabara.rs\/en\/wp-json\/wp\/v2\/pages\/506\"><input type=\"hidden\" name=\"url_referer\" value=\"\"><button type=\"submit\" name=\"wpforms[submit]\" id=\"wpforms-submit-1000\" class=\"wpforms-submit kontakt-dugme\" data-alt-text=\"Slanje...\" data-submit-text=\"Po\u0161aljite\" aria-live=\"assertive\" value=\"wpforms-submit\">Send<\/button><img decoding=\"async\" src=\"https:\/\/verakovabara.rs\/wp-content\/plugins\/wpforms-lite\/assets\/images\/submit-spin.svg\" class=\"wpforms-submit-spinner\" style=\"display: none;\" width=\"26\" height=\"26\" alt=\"Loading\"><\/div><input type=\"hidden\" name=\"trp-form-language\" value=\"en\"\/><\/form><\/div>  <!-- .wpforms-container -->\t\t\t\t<\/div>\n\t\t\t\t<\/div>\n\t\t\t\t\t<\/div>\n\t\t\t\t<\/div>\n\t\t\t\t<\/div>","protected":false},"excerpt":{"rendered":"<p>Vetroelektrana \u201eRakova bara\u201c VE \u201eRakova bara\u201c O projektu Predvi\u0111eno je da Vetroelektranu \u201eRakova bara\u201c \u010dini do devetnaest vetroagregata, pri \u010demu je na pragu prenosne elektroenergetske mre\u017ee odobrena snaga od 140MW. Re\u010d je o objektu koji \u0107e na ekolo\u0161ki na\u010din proizvoditi oko 400GWh elektri\u010dne energije godi\u0161nje, \u0161to \u010dini oko 1.1% ukupne potro\u0161nje elektri\u010dne energije u Republici [&hellip;]<\/p>","protected":false},"author":1,"featured_media":0,"parent":0,"menu_order":0,"comment_status":"closed","ping_status":"closed","template":"","meta":{"_uag_custom_page_level_css":"","site-sidebar-layout":"no-sidebar","site-content-layout":"page-builder","ast-site-content-layout":"full-width-container","site-content-style":"unboxed","site-sidebar-style":"unboxed","ast-global-header-display":"","ast-banner-title-visibility":"","ast-main-header-display":"","ast-hfb-above-header-display":"","ast-hfb-below-header-display":"","ast-hfb-mobile-header-display":"","site-post-title":"disabled","ast-breadcrumbs-content":"","ast-featured-img":"disabled","footer-sml-layout":"","theme-transparent-header-meta":"enabled","adv-header-id-meta":"","stick-header-meta":"","header-above-stick-meta":"","header-main-stick-meta":"","header-below-stick-meta":"","astra-migrate-meta-layouts":"set","ast-page-background-enabled":"default","ast-page-background-meta":{"desktop":{"background-color":"","background-image":"","background-repeat":"repeat","background-position":"center center","background-size":"auto","background-attachment":"scroll","background-type":"","background-media":"","overlay-type":"","overlay-color":"","overlay-opacity":"","overlay-gradient":""},"tablet":{"background-color":"","background-image":"","background-repeat":"repeat","background-position":"center center","background-size":"auto","background-attachment":"scroll","background-type":"","background-media":"","overlay-type":"","overlay-color":"","overlay-opacity":"","overlay-gradient":""},"mobile":{"background-color":"","background-image":"","background-repeat":"repeat","background-position":"center center","background-size":"auto","background-attachment":"scroll","background-type":"","background-media":"","overlay-type":"","overlay-color":"","overlay-opacity":"","overlay-gradient":""}},"ast-content-background-meta":{"desktop":{"background-color":"var(--ast-global-color-5)","background-image":"","background-repeat":"repeat","background-position":"center center","background-size":"auto","background-attachment":"scroll","background-type":"","background-media":"","overlay-type":"","overlay-color":"","overlay-opacity":"","overlay-gradient":""},"tablet":{"background-color":"var(--ast-global-color-5)","background-image":"","background-repeat":"repeat","background-position":"center center","background-size":"auto","background-attachment":"scroll","background-type":"","background-media":"","overlay-type":"","overlay-color":"","overlay-opacity":"","overlay-gradient":""},"mobile":{"background-color":"var(--ast-global-color-5)","background-image":"","background-repeat":"repeat","background-position":"center center","background-size":"auto","background-attachment":"scroll","background-type":"","background-media":"","overlay-type":"","overlay-color":"","overlay-opacity":"","overlay-gradient":""}},"footnotes":""},"class_list":["post-506","page","type-page","status-publish","hentry"],"uagb_featured_image_src":{"full":false,"thumbnail":false,"medium":false,"medium_large":false,"large":false,"1536x1536":false,"2048x2048":false,"trp-custom-language-flag":false},"uagb_author_info":{"display_name":"admin","author_link":"https:\/\/verakovabara.rs\/en\/author\/admin\/"},"uagb_comment_info":0,"uagb_excerpt":"Vetroelektrana \u201eRakova bara\u201c VE \u201eRakova bara\u201c O projektu Predvi\u0111eno je da Vetroelektranu \u201eRakova bara\u201c \u010dini do devetnaest vetroagregata, pri \u010demu je na pragu prenosne elektroenergetske mre\u017ee odobrena snaga od 140MW. Re\u010d je o objektu koji \u0107e na ekolo\u0161ki na\u010din proizvoditi oko 400GWh elektri\u010dne energije godi\u0161nje, \u0161to \u010dini oko 1.1% ukupne potro\u0161nje elektri\u010dne energije u Republici&hellip;","_links":{"self":[{"href":"https:\/\/verakovabara.rs\/en\/wp-json\/wp\/v2\/pages\/506","targetHints":{"allow":["GET"]}}],"collection":[{"href":"https:\/\/verakovabara.rs\/en\/wp-json\/wp\/v2\/pages"}],"about":[{"href":"https:\/\/verakovabara.rs\/en\/wp-json\/wp\/v2\/types\/page"}],"author":[{"embeddable":true,"href":"https:\/\/verakovabara.rs\/en\/wp-json\/wp\/v2\/users\/1"}],"replies":[{"embeddable":true,"href":"https:\/\/verakovabara.rs\/en\/wp-json\/wp\/v2\/comments?post=506"}],"version-history":[{"count":26,"href":"https:\/\/verakovabara.rs\/en\/wp-json\/wp\/v2\/pages\/506\/revisions"}],"predecessor-version":[{"id":1245,"href":"https:\/\/verakovabara.rs\/en\/wp-json\/wp\/v2\/pages\/506\/revisions\/1245"}],"wp:attachment":[{"href":"https:\/\/verakovabara.rs\/en\/wp-json\/wp\/v2\/media?parent=506"}],"curies":[{"name":"wp","href":"https:\/\/api.w.org\/{rel}","templated":true}]}}