{"id":508,"date":"2025-05-25T17:08:45","date_gmt":"2025-05-25T17:08:45","guid":{"rendered":"https:\/\/verakovabara.rs\/contact\/"},"modified":"2025-06-27T09:14:02","modified_gmt":"2025-06-27T09:14:02","slug":"mehanizam-prituzbi","status":"publish","type":"page","link":"https:\/\/verakovabara.rs\/en\/mehanizam-prituzbi\/","title":{"rendered":"Grievance mechanism"},"content":{"rendered":"<div data-elementor-type=\"wp-post\" data-elementor-id=\"508\" class=\"elementor elementor-508\">\n\t\t\t\t<div class=\"elementor-element elementor-element-a0fb02c animated-slow e-flex e-con-boxed elementor-invisible e-con e-parent\" data-id=\"a0fb02c\" data-element_type=\"container\" data-settings=\"{&quot;background_background&quot;:&quot;classic&quot;,&quot;animation&quot;:&quot;fadeInUp&quot;}\">\n\t\t\t\t\t<div class=\"e-con-inner\">\n\t\t<div class=\"elementor-element elementor-element-45933ab e-con-full e-flex e-con e-child\" data-id=\"45933ab\" data-element_type=\"container\">\n\t\t\t\t<div class=\"elementor-element elementor-element-a452ee8 elementor-widget elementor-widget-heading\" data-id=\"a452ee8\" data-element_type=\"widget\" data-widget_type=\"heading.default\">\n\t\t\t\t<div class=\"elementor-widget-container\">\n\t\t\t\t\t<h1 class=\"elementor-heading-title elementor-size-default\">Grievance mechanism<\/h1>\t\t\t\t<\/div>\n\t\t\t\t<\/div>\n\t\t\t\t<\/div>\n\t\t\t\t\t<\/div>\n\t\t\t\t<\/div>\n\t\t<div class=\"elementor-element elementor-element-d7b73a9 animated-slow e-flex e-con-boxed elementor-invisible e-con e-parent\" data-id=\"d7b73a9\" data-element_type=\"container\" data-settings=\"{&quot;animation&quot;:&quot;fadeInLeft&quot;}\">\n\t\t\t\t\t<div class=\"e-con-inner\">\n\t\t\t\t<div class=\"elementor-element elementor-element-1414893 elementor-widget elementor-widget-text-editor\" data-id=\"1414893\" data-element_type=\"widget\" data-widget_type=\"text-editor.default\">\n\t\t\t\t<div class=\"elementor-widget-container\">\n\t\t\t\t\t\t\t\t\t<p>In line with the best industry practice, company VE Rakova bara&nbsp;<span style=\"font-style: inherit; font-weight: inherit;\">established the grievance mechanism. This a notification and grievance resolution procedure,&nbsp;<\/span><span style=\"font-style: inherit; font-weight: inherit;\">as well as a means to hear the proposals from all the stakeholders, who could be negatively affected during the development, construction and operation of WPP Rakova bara.&nbsp;<\/span><span style=\"font-style: inherit; font-weight: inherit;\">Subjects of such grievances can be induced damages, injuries, incidents,&nbsp;<\/span><span style=\"font-style: inherit; font-weight: inherit;\">or generally stakeholders\u2019 concerns, which may\ncome as the consequence&nbsp;<\/span><span style=\"font-style: inherit; font-weight: inherit;\">of action or lack thereof, either by the VE Rakova bara\nrepresentatives,&nbsp;<\/span><span style=\"font-style: inherit; font-weight: inherit;\">and\/or physical persons and\/or legal entities, engaged by the company at any stage of the implementation of this project.&nbsp;<\/span><span style=\"font-style: inherit; font-weight: inherit;\">implementation of this project.<\/span><\/p>\t\t\t\t\t\t\t\t<\/div>\n\t\t\t\t<\/div>\n\t\t\t\t\t<\/div>\n\t\t\t\t<\/div>\n\t\t<div class=\"elementor-element elementor-element-a9f8649 animated-slow e-flex e-con-boxed elementor-invisible e-con e-parent\" data-id=\"a9f8649\" data-element_type=\"container\" data-settings=\"{&quot;animation&quot;:&quot;fadeInRight&quot;}\">\n\t\t\t\t\t<div class=\"e-con-inner\">\n\t\t<div class=\"elementor-element elementor-element-5bf4b2a e-con-full e-flex e-con e-child\" data-id=\"5bf4b2a\" data-element_type=\"container\">\n\t\t\t\t<div class=\"elementor-element elementor-element-53c4414 elementor-widget elementor-widget-image-box\" data-id=\"53c4414\" data-element_type=\"widget\" data-widget_type=\"image-box.default\">\n\t\t\t\t<div class=\"elementor-widget-container\">\n\t\t\t\t\t<div class=\"elementor-image-box-wrapper\"><div class=\"elementor-image-box-content\"><h2 class=\"elementor-image-box-title\">Grievance submission procedure<\/h2><p class=\"elementor-image-box-description\">Procedure for submitting the grievance is as following:<\/p><\/div><\/div>\t\t\t\t<\/div>\n\t\t\t\t<\/div>\n\t\t\t\t<div class=\"elementor-element elementor-element-946df5a elementor-widget elementor-widget-text-editor\" data-id=\"946df5a\" data-element_type=\"widget\" data-widget_type=\"text-editor.default\">\n\t\t\t\t<div class=\"elementor-widget-container\">\n\t\t\t\t\t\t\t\t\t<p>1. Submission of the grievance, which can be accomplished:<\/p><ul><li>online \u2013 by using the <span style=\"text-decoration: underline;\"><a href=\"https:\/\/verakovabara.rs\/wp-content\/uploads\/2025\/06\/VE-Rakova-bara-Prituzba-Grievance.docx.pdf\">form<\/a><\/span> on a web page;<\/li><li>\u00a0directly to the company\u2019s address (2, Jug Bogdana St., 12320 \u017dagubica, Serbia);<\/li><li>to the company\u2019s e-mail address (prituzbe@verakovabara.rs);<\/li><\/ul>\t\t\t\t\t\t\t\t<\/div>\n\t\t\t\t<\/div>\n\t\t\t\t<div class=\"elementor-element elementor-element-d4e37f6 elementor-widget elementor-widget-text-editor\" data-id=\"d4e37f6\" data-element_type=\"widget\" data-widget_type=\"text-editor.default\">\n\t\t\t\t<div class=\"elementor-widget-container\">\n\t\t\t\t\t\t\t\t\t<p>2. Confirmation of the receipt of the grievance<br \/>Company VE Rakova bara will reply to a griever with a confimation of receipt, in a written form (regular or electronic mail, depending upon the griever\u2019s submittal, under previous condition that the griever provided his\/her address);<\/p>\t\t\t\t\t\t\t\t<\/div>\n\t\t\t\t<\/div>\n\t\t\t\t<div class=\"elementor-element elementor-element-8f3fd0b elementor-widget elementor-widget-text-editor\" data-id=\"8f3fd0b\" data-element_type=\"widget\" data-widget_type=\"text-editor.default\">\n\t\t\t\t<div class=\"elementor-widget-container\">\n\t\t\t\t\t\t\t\t\t<p>3. Processing<\/p><p>Processing the grievance depens upon its nature. If this process will linger, VE\u00a0<span style=\"font-style: inherit; font-weight: inherit;\">Rakova bara shall continuously provide a griever with an actual status. In case additional information are required, company will address the griever with such a request;\u00a0<\/span><span style=\"font-style: inherit; font-weight: inherit;\">slu\u010daju potrebe za dopunskim informacijama, kompanija \u0107e se obratiti takvom molbom\u00a0<\/span><span style=\"font-style: inherit; font-weight: inherit;\">podnosiocu;<\/span><\/p>\t\t\t\t\t\t\t\t<\/div>\n\t\t\t\t<\/div>\n\t\t\t\t<div class=\"elementor-element elementor-element-5b19001 elementor-widget elementor-widget-text-editor\" data-id=\"5b19001\" data-element_type=\"widget\" data-widget_type=\"text-editor.default\">\n\t\t\t\t<div class=\"elementor-widget-container\">\n\t\t\t\t\t\t\t\t\t<p>4 .Outcome<\/p><p>Company VE Rakova bara shall immediately upon completion of\u00a0<span style=\"font-style: inherit; font-weight: inherit;\">processing inform a griever.<\/span><\/p>\t\t\t\t\t\t\t\t<\/div>\n\t\t\t\t<\/div>\n\t\t\t\t<div class=\"elementor-element elementor-element-b5d8e68 elementor-widget elementor-widget-text-editor\" data-id=\"b5d8e68\" data-element_type=\"widget\" data-widget_type=\"text-editor.default\">\n\t\t\t\t<div class=\"elementor-widget-container\">\n\t\t\t\t\t\t\t\t\t<p>5. Subsequent actions<\/p><p>Company Rakova bara shall, without any undue delay, initiate activities in line with the oucome\u00a0<span style=\"font-style: inherit; font-weight: inherit;\">of grievance processing, and timely inform respective stakeholder\u00a0<\/span><span style=\"font-style: inherit; font-weight: inherit;\">or public thereof.<\/span><\/p>\t\t\t\t\t\t\t\t<\/div>\n\t\t\t\t<\/div>\n\t\t\t\t<div class=\"elementor-element elementor-element-dab071a elementor-align-left elementor-icon-list--layout-traditional elementor-list-item-link-full_width elementor-widget elementor-widget-icon-list\" data-id=\"dab071a\" data-element_type=\"widget\" data-widget_type=\"icon-list.default\">\n\t\t\t\t<div class=\"elementor-widget-container\">\n\t\t\t\t\t\t\t<ul class=\"elementor-icon-list-items\">\n\t\t\t\t\t\t\t<li class=\"elementor-icon-list-item\">\n\t\t\t\t\t\t\t\t\t\t\t<a href=\"#\">\n\n\t\t\t\t\t\t\t\t\t\t\t\t<span class=\"elementor-icon-list-icon\">\n\t\t\t\t\t\t\t<svg aria-hidden=\"true\" class=\"e-font-icon-svg e-fas-map-marker-alt\" viewbox=\"0 0 384 512\" xmlns=\"http:\/\/www.w3.org\/2000\/svg\"><path d=\"M172.268 501.67C26.97 291.031 0 269.413 0 192 0 85.961 85.961 0 192 0s192 85.961 192 192c0 77.413-26.97 99.031-172.268 309.67-9.535 13.774-29.93 13.773-39.464 0zM192 272c44.183 0 80-35.817 80-80s-35.817-80-80-80-80 35.817-80 80 35.817 80 80 80z\"><\/path><\/svg>\t\t\t\t\t\t<\/span>\n\t\t\t\t\t\t\t\t\t\t<span class=\"elementor-icon-list-text\">Jug Bogdana 2, 12320 \u017dagubica<\/span>\n\t\t\t\t\t\t\t\t\t\t\t<\/a>\n\t\t\t\t\t\t\t\t\t<\/li>\n\t\t\t\t\t\t\t\t<li class=\"elementor-icon-list-item\">\n\t\t\t\t\t\t\t\t\t\t\t<a href=\"#\">\n\n\t\t\t\t\t\t\t\t\t\t\t\t<span class=\"elementor-icon-list-icon\">\n\t\t\t\t\t\t\t<svg aria-hidden=\"true\" class=\"e-font-icon-svg e-far-envelope\" viewbox=\"0 0 512 512\" xmlns=\"http:\/\/www.w3.org\/2000\/svg\"><path d=\"M464 64H48C21.49 64 0 85.49 0 112v288c0 26.51 21.49 48 48 48h416c26.51 0 48-21.49 48-48V112c0-26.51-21.49-48-48-48zm0 48v40.805c-22.422 18.259-58.168 46.651-134.587 106.49-16.841 13.247-50.201 45.072-73.413 44.701-23.208.375-56.579-31.459-73.413-44.701C106.18 199.465 70.425 171.067 48 152.805V112h416zM48 400V214.398c22.914 18.251 55.409 43.862 104.938 82.646 21.857 17.205 60.134 55.186 103.062 54.955 42.717.231 80.509-37.199 103.053-54.947 49.528-38.783 82.032-64.401 104.947-82.653V400H48z\"><\/path><\/svg>\t\t\t\t\t\t<\/span>\n\t\t\t\t\t\t\t\t\t\t<span class=\"elementor-icon-list-text\">prituzbe@verakovabara.rs<\/span>\n\t\t\t\t\t\t\t\t\t\t\t<\/a>\n\t\t\t\t\t\t\t\t\t<\/li>\n\t\t\t\t\t\t\t\t<li class=\"elementor-icon-list-item\">\n\t\t\t\t\t\t\t\t\t\t\t<a href=\"#\">\n\n\t\t\t\t\t\t\t\t\t\t\t\t<span class=\"elementor-icon-list-icon\">\n\t\t\t\t\t\t\t<svg aria-hidden=\"true\" class=\"e-font-icon-svg e-fas-phone\" viewbox=\"0 0 512 512\" xmlns=\"http:\/\/www.w3.org\/2000\/svg\"><path d=\"M493.4 24.6l-104-24c-11.3-2.6-22.9 3.3-27.5 13.9l-48 112c-4.2 9.8-1.4 21.3 6.9 28l60.6 49.6c-36 76.7-98.9 140.5-177.2 177.2l-49.6-60.6c-6.8-8.3-18.2-11.1-28-6.9l-112 48C3.9 366.5-2 378.1.6 389.4l24 104C27.1 504.2 36.7 512 48 512c256.1 0 464-207.5 464-464 0-11.2-7.7-20.9-18.6-23.4z\"><\/path><\/svg>\t\t\t\t\t\t<\/span>\n\t\t\t\t\t\t\t\t\t\t<span class=\"elementor-icon-list-text\">+381 63 224 678<\/span>\n\t\t\t\t\t\t\t\t\t\t\t<\/a>\n\t\t\t\t\t\t\t\t\t<\/li>\n\t\t\t\t\t\t<\/ul>\n\t\t\t\t\t\t<\/div>\n\t\t\t\t<\/div>\n\t\t\t\t<\/div>\n\t\t<div class=\"elementor-element elementor-element-02fa843 e-con-full e-flex e-con e-child\" data-id=\"02fa843\" data-element_type=\"container\">\n\t\t\t\t<div class=\"elementor-element elementor-element-4a6b81f elementor-widget elementor-widget-shortcode\" data-id=\"4a6b81f\" data-element_type=\"widget\" data-widget_type=\"shortcode.default\">\n\t\t\t\t<div class=\"elementor-widget-container\">\n\t\t\t\t\t\t\t<div class=\"elementor-shortcode\">\n<div class=\"wpcf7 no-js\" id=\"wpcf7-f1180-o1\" lang=\"en-US\" dir=\"ltr\" data-wpcf7-id=\"1180\">\n<div class=\"screen-reader-response\"><p role=\"status\" aria-live=\"polite\" aria-atomic=\"true\"><\/p> <ul><\/ul><\/div>\n<form action=\"\/en\/wp-json\/wp\/v2\/pages\/508#wpcf7-f1180-o1\" method=\"post\" class=\"wpcf7-form init\" aria-label=\"Contact form\" novalidate=\"novalidate\" data-status=\"init\" data-trp-original-action=\"\/en\/wp-json\/wp\/v2\/pages\/508#wpcf7-f1180-o1\">\n<fieldset class=\"hidden-fields-container\"><input type=\"hidden\" name=\"_wpcf7\" value=\"1180\" \/><input type=\"hidden\" name=\"_wpcf7_version\" value=\"6.1\" \/><input type=\"hidden\" name=\"_wpcf7_locale\" value=\"en_US\" \/><input type=\"hidden\" name=\"_wpcf7_unit_tag\" value=\"wpcf7-f1180-o1\" \/><input type=\"hidden\" name=\"_wpcf7_container_post\" value=\"0\" \/><input type=\"hidden\" name=\"_wpcf7_posted_data_hash\" value=\"\" \/>\n<\/fieldset>\n<div class=\"form-style-8 main-form\">\n\t<p><label for=\"name-surname\">Full name<\/label><br \/>\n<span class=\"style-line\"><span class=\"wpcf7-form-control-wrap\" data-name=\"name-surname\"><input size=\"40\" maxlength=\"400\" class=\"wpcf7-form-control wpcf7-text wpcf7-validates-as-required\" id=\"name-surname\" aria-required=\"true\" aria-invalid=\"false\" value=\"\" type=\"text\" name=\"name-surname\" \/><\/span><\/span>\n\t<\/p>\n\t<div class=\"form-section-heading\">\n\t\t<p>Contact \u2013 preferred means for communication\n\t\t<\/p>\n\t<\/div>\n\t<p><label><br \/>\n<input type=\"checkbox\" name=\"contact_method[]\" value=\"post\" \/> Post<br \/>\n<\/label><br \/>\n<span class=\"wpcf7-form-control-wrap\" data-name=\"post_address\"><textarea cols=\"40\" rows=\"10\" maxlength=\"2000\" class=\"wpcf7-form-control wpcf7-textarea\" aria-invalid=\"false\" placeholder=\"Insert your address\" name=\"post_address\"><\/textarea><\/span>\n\t<\/p>\n\t<p><label><br \/>\n<input type=\"checkbox\" name=\"contact_method[]\" value=\"phone\" \/> Phone number<br \/>\n<\/label><br \/>\n<span class=\"wpcf7-form-control-wrap\" data-name=\"phone\"><input size=\"40\" maxlength=\"400\" class=\"wpcf7-form-control wpcf7-tel wpcf7-text wpcf7-validates-as-tel\" aria-invalid=\"false\" value=\"\" type=\"tel\" name=\"phone\" \/><\/span>\n\t<\/p>\n\t<p><label><br \/>\n<input type=\"checkbox\" name=\"contact_method[]\" value=\"email\" \/> E-mail<br \/>\n<\/label><br \/>\n<span class=\"wpcf7-form-control-wrap\" data-name=\"email\"><input size=\"40\" maxlength=\"400\" class=\"wpcf7-form-control wpcf7-email wpcf7-text wpcf7-validates-as-email\" aria-invalid=\"false\" value=\"\" type=\"email\" name=\"email\" \/><\/span>\n\t<\/p>\n\t<div class=\"form-section-heading\">\n\t\t<p>Incident\/Grievance\n\t\t<\/p>\n\t<\/div>\n\t<p><span class=\"style-line\"><span class=\"wpcf7-form-control-wrap\" data-name=\"your-message\"><textarea cols=\"40\" rows=\"10\" maxlength=\"1000\" class=\"wpcf7-form-control wpcf7-textarea wpcf7-validates-as-required\" id=\"your-message\" aria-required=\"true\" aria-invalid=\"false\" placeholder=\"Description\" name=\"your-message\"><\/textarea><\/span><\/span>\n\t<\/p>\n\t<div class=\"form-section-heading\">\n\t\t<p>Date of incident\/grievance\n\t\t<\/p>\n\t<\/div>\n\t<p><label><br \/>\n<input type=\"checkbox\" name=\"event_type[]\" value=\"one-time\" \/> Single event (date)<br \/>\n<\/label><br \/>\n<span class=\"wpcf7-form-control-wrap\" data-name=\"date_one\"><input size=\"40\" maxlength=\"400\" class=\"wpcf7-form-control wpcf7-text conditional-date\" aria-invalid=\"false\" placeholder=\"Insert date\" value=\"\" type=\"text\" name=\"date_one\" \/><\/span>\n\t<\/p>\n\t<p><label><br \/>\n<input type=\"checkbox\" name=\"event_type[]\" value=\"repeated\" \/> Multiple event (how many occurencies?)<br \/>\n<\/label><br \/>\n<span class=\"wpcf7-form-control-wrap\" data-name=\"repeat_count\"><input size=\"40\" maxlength=\"400\" class=\"wpcf7-form-control wpcf7-text conditional-repeat\" aria-invalid=\"false\" placeholder=\"Insert number\" value=\"\" type=\"text\" name=\"repeat_count\" \/><\/span>\n\t<\/p>\n\t<p><label><br \/>\n<input type=\"checkbox\" name=\"event_type[]\" value=\"ongoing\" \/> Continuous event<br \/>\n<\/label>\n\t<\/p>\n\t<div class=\"form-section-heading\">\n\t\t<p>Solution\n\t\t<\/p>\n\t<\/div>\n\t<p><span class=\"style-line\"><span class=\"wpcf7-form-control-wrap\" data-name=\"incident-solve\"><textarea cols=\"40\" rows=\"10\" maxlength=\"1000\" class=\"wpcf7-form-control wpcf7-textarea wpcf7-validates-as-required\" id=\"incident-solve\" aria-required=\"true\" aria-invalid=\"false\" placeholder=\"Which solution do you prefer?\" name=\"incident-solve\"><\/textarea><\/span><\/span>\n\t<\/p>\n\t<p><input class=\"wpcf7-form-control wpcf7-submit has-spinner\" type=\"submit\" value=\"Send\" \/>\n\t<\/p>\n<\/div><div class=\"wpcf7-response-output\" aria-hidden=\"true\"><\/div>\n<input type=\"hidden\" name=\"trp-form-language\" value=\"en\"\/><\/form>\n<\/div>\n<\/div>\n\t\t\t\t\t\t<\/div>\n\t\t\t\t<\/div>\n\t\t\t\t<\/div>\n\t\t\t\t\t<\/div>\n\t\t\t\t<\/div>\n\t\t\t\t<\/div>","protected":false},"excerpt":{"rendered":"<p>Mehanizam pritu\u017ebi U skladu sa najboljom me\u0111unarodnom praksom, kompanija \u201eVE Rakova bara\u201c je&nbsp;uspostavila mehanizam pritu\u017ebi. To je proces za evidenciju i re\u0161avanje pritu\u017ebi i predloga svih&nbsp;zainteresovanih strana, na koje bi postupak razvoja, izgradnje i eksploatacije VE \u201eRakova bara\u201c&nbsp;mogao da ima negativne efekte. Predmeti ovh pritu\u017ebi mogu, izme\u0111u ostalih, biti i \u0161tete,&nbsp;povredni doga\u0111aji, incidenti ili uop\u0161teno [&hellip;]<\/p>","protected":false},"author":1,"featured_media":0,"parent":0,"menu_order":0,"comment_status":"closed","ping_status":"closed","template":"","meta":{"_uag_custom_page_level_css":"","site-sidebar-layout":"no-sidebar","site-content-layout":"page-builder","ast-site-content-layout":"full-width-container","site-content-style":"unboxed","site-sidebar-style":"unboxed","ast-global-header-display":"","ast-banner-title-visibility":"","ast-main-header-display":"","ast-hfb-above-header-display":"","ast-hfb-below-header-display":"","ast-hfb-mobile-header-display":"","site-post-title":"disabled","ast-breadcrumbs-content":"","ast-featured-img":"disabled","footer-sml-layout":"","theme-transparent-header-meta":"enabled","adv-header-id-meta":"","stick-header-meta":"","header-above-stick-meta":"","header-main-stick-meta":"","header-below-stick-meta":"","astra-migrate-meta-layouts":"set","ast-page-background-enabled":"default","ast-page-background-meta":{"desktop":{"background-color":"","background-image":"","background-repeat":"repeat","background-position":"center center","background-size":"auto","background-attachment":"scroll","background-type":"","background-media":"","overlay-type":"","overlay-color":"","overlay-opacity":"","overlay-gradient":""},"tablet":{"background-color":"","background-image":"","background-repeat":"repeat","background-position":"center center","background-size":"auto","background-attachment":"scroll","background-type":"","background-media":"","overlay-type":"","overlay-color":"","overlay-opacity":"","overlay-gradient":""},"mobile":{"background-color":"","background-image":"","background-repeat":"repeat","background-position":"center center","background-size":"auto","background-attachment":"scroll","background-type":"","background-media":"","overlay-type":"","overlay-color":"","overlay-opacity":"","overlay-gradient":""}},"ast-content-background-meta":{"desktop":{"background-color":"var(--ast-global-color-5)","background-image":"","background-repeat":"repeat","background-position":"center center","background-size":"auto","background-attachment":"scroll","background-type":"","background-media":"","overlay-type":"","overlay-color":"","overlay-opacity":"","overlay-gradient":""},"tablet":{"background-color":"var(--ast-global-color-5)","background-image":"","background-repeat":"repeat","background-position":"center center","background-size":"auto","background-attachment":"scroll","background-type":"","background-media":"","overlay-type":"","overlay-color":"","overlay-opacity":"","overlay-gradient":""},"mobile":{"background-color":"var(--ast-global-color-5)","background-image":"","background-repeat":"repeat","background-position":"center center","background-size":"auto","background-attachment":"scroll","background-type":"","background-media":"","overlay-type":"","overlay-color":"","overlay-opacity":"","overlay-gradient":""}},"footnotes":""},"class_list":["post-508","page","type-page","status-publish","hentry"],"uagb_featured_image_src":{"full":false,"thumbnail":false,"medium":false,"medium_large":false,"large":false,"1536x1536":false,"2048x2048":false,"trp-custom-language-flag":false},"uagb_author_info":{"display_name":"admin","author_link":"https:\/\/verakovabara.rs\/en\/author\/admin\/"},"uagb_comment_info":0,"uagb_excerpt":"Mehanizam pritu\u017ebi U skladu sa najboljom me\u0111unarodnom praksom, kompanija \u201eVE Rakova bara\u201c je&nbsp;uspostavila mehanizam pritu\u017ebi. To je proces za evidenciju i re\u0161avanje pritu\u017ebi i predloga svih&nbsp;zainteresovanih strana, na koje bi postupak razvoja, izgradnje i eksploatacije VE \u201eRakova bara\u201c&nbsp;mogao da ima negativne efekte. Predmeti ovh pritu\u017ebi mogu, izme\u0111u ostalih, biti i \u0161tete,&nbsp;povredni doga\u0111aji, incidenti ili uop\u0161teno&hellip;","_links":{"self":[{"href":"https:\/\/verakovabara.rs\/en\/wp-json\/wp\/v2\/pages\/508","targetHints":{"allow":["GET"]}}],"collection":[{"href":"https:\/\/verakovabara.rs\/en\/wp-json\/wp\/v2\/pages"}],"about":[{"href":"https:\/\/verakovabara.rs\/en\/wp-json\/wp\/v2\/types\/page"}],"author":[{"embeddable":true,"href":"https:\/\/verakovabara.rs\/en\/wp-json\/wp\/v2\/users\/1"}],"replies":[{"embeddable":true,"href":"https:\/\/verakovabara.rs\/en\/wp-json\/wp\/v2\/comments?post=508"}],"version-history":[{"count":35,"href":"https:\/\/verakovabara.rs\/en\/wp-json\/wp\/v2\/pages\/508\/revisions"}],"predecessor-version":[{"id":1229,"href":"https:\/\/verakovabara.rs\/en\/wp-json\/wp\/v2\/pages\/508\/revisions\/1229"}],"wp:attachment":[{"href":"https:\/\/verakovabara.rs\/en\/wp-json\/wp\/v2\/media?parent=508"}],"curies":[{"name":"wp","href":"https:\/\/api.w.org\/{rel}","templated":true}]}}